{"id":517,"date":"2022-05-20T01:26:59","date_gmt":"2022-05-19T23:26:59","guid":{"rendered":"https:\/\/www.r4l.de\/wordpress\/?page_id=517"},"modified":"2022-05-20T02:48:25","modified_gmt":"2022-05-20T00:48:25","slug":"uenber-diese-seiten","status":"publish","type":"page","link":"https:\/\/www.r4l.de\/wordpress\/uenber-diese-seiten\/","title":{"rendered":"Diese Seiten"},"content":{"rendered":"\n<h2 class=\"has-text-align-center has-large-font-size wp-block-heading\" style=\"font-style:normal;font-weight:700\">\u00dcber diese Seiten<\/h2>\n\n\n\n<p>Autob\u00fccher gibt es viele: \u00fcber neue und alte, teure und erschwingliche Autos &#8211; auch \u00fcber den R4 gibt es welche. Aber ein Sammlung von Informationen rund um dieses liebenswerte Fortbewegungsmittel gibt es bislang meines Wissens in dieser Form weder gedruckt noch im Internet.<\/p>\n\n\n\n<p>Dies soll kein klassisches Autobuch sein, das den Fan mit leichtverdaulichen Fakten versorgt, die prima auch mit rosaroten Brillen gelesen werden k\u00f6nnen. Es soll auch kein Testbericht sein, der kein gutes Haar an diesem Modell l\u00e4sst.- sondern wie im richtigen Leben die Vorz\u00fcge und die Schw\u00e4chen im Alltag &#8222;unvoreingenommen&#8220; beleuchtet.<\/p>\n\n\n\n<p>Nachdem der R4 zur Zeit teilweise den Weg aus dem Alltag in die verh\u00e4tschelnde Liebhaberhand findet, ist es Zeit die Aspekte des R4 als Fortbewegungsmittel zu dokumentieren, bevor diese in Vergessenheit geraten.<\/p>\n\n\n\n<p>Es bleibt zu hoffen, da\u00df dabei trotzdem &#8222;r\u00fcberkommt&#8220;, das der Autor ein &#8222;gl\u00fchender Fan&#8220; dieses &#8222;Automobils gegen den Mainstream&#8220; ist.<\/p>\n\n\n\n<p><strong>Bilder?<\/strong> vielleicht haben Sie bis jetzt ein paar sch\u00f6ne Bilder vermisst. Um die Ladezeit zu verk\u00fcrzen sind diese bei den einzelnen Kapiteln zur Illustration angef\u00fcgt &#8211; oder sollen das noch bald werden&#8230;. So finden sich zum Beispiel unter &#8222;Transportieren&#8220; oder &#8222;Umwelt\/Recycling&#8220; einiges an Bildmaterial.<\/p>\n","protected":false},"excerpt":{"rendered":"<p>\u00dcber diese Seiten Autob\u00fccher gibt es viele: \u00fcber neue und alte, teure und erschwingliche Autos &#8211; auch \u00fcber den R4 gibt es welche. Aber ein Sammlung von Informationen rund um dieses liebenswerte Fortbewegungsmittel gibt es bislang meines Wissens in dieser Form weder gedruckt noch im Internet. Dies soll kein klassisches Autobuch sein, das den Fan [&hellip;]<\/p>\n","protected":false},"author":2,"featured_media":0,"parent":0,"menu_order":0,"comment_status":"closed","ping_status":"closed","template":"","meta":{"footnotes":""},"class_list":["post-517","page","type-page","status-publish","hentry"],"_links":{"self":[{"href":"https:\/\/www.r4l.de\/wordpress\/wp-json\/wp\/v2\/pages\/517","targetHints":{"allow":["GET"]}}],"collection":[{"href":"https:\/\/www.r4l.de\/wordpress\/wp-json\/wp\/v2\/pages"}],"about":[{"href":"https:\/\/www.r4l.de\/wordpress\/wp-json\/wp\/v2\/types\/page"}],"author":[{"embeddable":true,"href":"https:\/\/www.r4l.de\/wordpress\/wp-json\/wp\/v2\/users\/2"}],"replies":[{"embeddable":true,"href":"https:\/\/www.r4l.de\/wordpress\/wp-json\/wp\/v2\/comments?post=517"}],"version-history":[{"count":4,"href":"https:\/\/www.r4l.de\/wordpress\/wp-json\/wp\/v2\/pages\/517\/revisions"}],"predecessor-version":[{"id":559,"href":"https:\/\/www.r4l.de\/wordpress\/wp-json\/wp\/v2\/pages\/517\/revisions\/559"}],"wp:attachment":[{"href":"https:\/\/www.r4l.de\/wordpress\/wp-json\/wp\/v2\/media?parent=517"}],"curies":[{"name":"wp","href":"https:\/\/api.w.org\/{rel}","templated":true}]}}