{"id":505,"date":"2022-05-20T00:45:49","date_gmt":"2022-05-19T22:45:49","guid":{"rendered":"https:\/\/www.r4l.de\/wordpress\/?page_id=505"},"modified":"2022-05-20T02:39:31","modified_gmt":"2022-05-20T00:39:31","slug":"haftungsausschluss","status":"publish","type":"page","link":"https:\/\/www.r4l.de\/wordpress\/haftungsausschluss\/","title":{"rendered":"Haftung"},"content":{"rendered":"\n<h2 class=\"has-text-align-center has-large-font-size wp-block-heading\" style=\"font-style:normal;font-weight:700\">Haftungsausschlu\u00df<\/h2>\n\n\n\n<p>Ingo-Heitel.de kann keine Gew\u00e4hr f\u00fcr die Richtigkeit, Vollst\u00e4ndigkeit und Aktualit\u00e4t der auf Ingo-Heitel.de wiedergegebenen Informationen \u00fcbernehmen. Jegliche Haftungsanspr\u00fcche gegen Ingo-Heitel.de auf Grund von Informationen in Ingo-Heitel.de sind ausgeschlossen, sofern von Ingo-Heitel.de nicht nachweislich vors\u00e4tzliches oder grob fahrl\u00e4ssiges Verhalten vorliegt.<\/p>\n\n\n\n<p>Trotz sorgf\u00e4ltiger inhaltlicher Kontrolle kann keine Haftung f\u00fcr die Inhalte externer Links \u00fcbernommen werden. F\u00fcr deren Inhalt sind ausschlie\u00dflich die Betreiber dieser Seiten verantwortlich.<\/p>\n\n\n\n<p>Kritische Anmerkungen zu Beitr\u00e4gen in Ingo-Heitel.de an den Verfasser sind ausdr\u00fccklich erw\u00fcnscht.<\/p>\n\n\n\n<p>Der Herausgeber beh\u00e4lt sich vor, Beitr\u00e4ge abzu\u00e4ndern oder zu l\u00f6schen.<\/p>\n\n\n\n<p>Sollten auf Ingo-Heitel.de Inhalte oder Aufmachung gegen die Rechte Dritter oder gegen gesetzliche Bestimmungen versto\u00dfen, informieren Sie den Herausgeber bitte umgehend per eMail (<a href=\"mailto:info@motor-kritik.de\">in<\/a><a href=\"mailto:info@motor-kritik.de\">g<\/a><a href=\"mailto:info@motor-kritik.de\">o@<\/a><a href=\"mailto:info@motor-kritik.de\">R4L<\/a><a href=\"mailto:info@motor-kritik.de\">.de<\/a>) oder Post (Ingo Heitel, M\u00f6hringer str. 96, 70199 Stuttgart) ohne Kostennote.<br>Zu Recht bestehende Beanstandungen werden&nbsp;umgehend erf\u00fcllt, ohne dass von Ihrer Seite die Einschaltung eines Rechtsanwaltes erforderlich ist.<\/p>\n\n\n\n<p>Sollten Sie trotz dieses Hinweises ohne vorherige Kontaktaufnahme eine Abmahnung o. \u00e4. er\u00f6ffnen, wird der Herausgeber von Ingo-Heitel.de diese vollumf\u00e4nglich zur\u00fcckweisen und gegebenenfalls Gegenklage wegen des Versto\u00dfes gegen die gesetzlich vorgeschriebene Schadenminderungspflicht einreichen.<\/p>\n","protected":false},"excerpt":{"rendered":"<p>Haftungsausschlu\u00df Ingo-Heitel.de kann keine Gew\u00e4hr f\u00fcr die Richtigkeit, Vollst\u00e4ndigkeit und Aktualit\u00e4t der auf Ingo-Heitel.de wiedergegebenen Informationen \u00fcbernehmen. Jegliche Haftungsanspr\u00fcche gegen Ingo-Heitel.de auf Grund von Informationen in Ingo-Heitel.de sind ausgeschlossen, sofern von Ingo-Heitel.de nicht nachweislich vors\u00e4tzliches oder grob fahrl\u00e4ssiges Verhalten vorliegt. Trotz sorgf\u00e4ltiger inhaltlicher Kontrolle kann keine Haftung f\u00fcr die Inhalte externer Links \u00fcbernommen werden. F\u00fcr [&hellip;]<\/p>\n","protected":false},"author":2,"featured_media":0,"parent":0,"menu_order":0,"comment_status":"closed","ping_status":"closed","template":"","meta":{"footnotes":""},"class_list":["post-505","page","type-page","status-publish","hentry"],"_links":{"self":[{"href":"https:\/\/www.r4l.de\/wordpress\/wp-json\/wp\/v2\/pages\/505","targetHints":{"allow":["GET"]}}],"collection":[{"href":"https:\/\/www.r4l.de\/wordpress\/wp-json\/wp\/v2\/pages"}],"about":[{"href":"https:\/\/www.r4l.de\/wordpress\/wp-json\/wp\/v2\/types\/page"}],"author":[{"embeddable":true,"href":"https:\/\/www.r4l.de\/wordpress\/wp-json\/wp\/v2\/users\/2"}],"replies":[{"embeddable":true,"href":"https:\/\/www.r4l.de\/wordpress\/wp-json\/wp\/v2\/comments?post=505"}],"version-history":[{"count":3,"href":"https:\/\/www.r4l.de\/wordpress\/wp-json\/wp\/v2\/pages\/505\/revisions"}],"predecessor-version":[{"id":555,"href":"https:\/\/www.r4l.de\/wordpress\/wp-json\/wp\/v2\/pages\/505\/revisions\/555"}],"wp:attachment":[{"href":"https:\/\/www.r4l.de\/wordpress\/wp-json\/wp\/v2\/media?parent=505"}],"curies":[{"name":"wp","href":"https:\/\/api.w.org\/{rel}","templated":true}]}}